{"id":2145,"date":"2020-05-27T16:43:52","date_gmt":"2020-05-27T14:43:52","guid":{"rendered":"https:\/\/www.espacecanalevenements.com\/mentions-legales\/"},"modified":"2025-07-24T17:06:40","modified_gmt":"2025-07-24T15:06:40","slug":"mentions-legales","status":"publish","type":"page","link":"https:\/\/congres.idequate.com\/en\/mentions-legales\/","title":{"rendered":"Mentions l\u00e9gales"},"content":{"rendered":"\n<h2><strong><span class=\"has-inline-color has-gold-color\">Identification de la soci\u00e9t\u00e9<\/span><\/strong><\/h2>\n\n\n\n<div style=\"height:28px\" aria-hidden=\"true\" class=\"wp-block-spacer\"><\/div>\n\n\n\n<p><strong>D\u00e9nomination sociale :<\/strong>&nbsp;ID\u00c9QUATE<\/p>\n\n\n\n<p><strong>Si\u00e8ge social :<\/strong>&nbsp;1 cloitre Saint Pierre le Puellier \u2013 45000 Orl\u00e9ans<\/p>\n\n\n\n<p><strong>T\u00e9l\u00e9phone :<\/strong>&nbsp;+33 (0)2 45 40 04 81<\/p>\n\n\n\n<p>Soci\u00e9t\u00e9 \u00e0 responsabilit\u00e9 limit\u00e9e au capital de 30 000 euros.<\/p>\n\n\n\n<p><strong>RCS<\/strong> : ORLEANS B 981 068 943<\/p>\n\n\n\n<p><strong>Code APE<\/strong> : 8230Z<\/p>\n\n\n\n<p><strong>N\u00b0 TVA intracommunautaire<\/strong> : FR55981068943<\/p>\n\n\n\n<p><br><strong>Directeur de la publication :<\/strong>&nbsp;C\u00e9line Jolly<\/p>\n\n\n\n<p><strong>Contact :<\/strong>&nbsp;contact@idequate.com<\/p>\n\n\n\n<p><strong>H\u00e9bergeur :<\/strong>&nbsp;OVH<\/p>\n\n\n\n<p><strong>Si\u00e8ge social :<\/strong>&nbsp;45, All\u00e9e des Ormes E. Space Park B\u00e2timent D \u2013 06250 Mougins \u2013<br>FRANCE<\/p>\n\n\n\n<p><strong>T\u00e9l\u00e9phone :<\/strong>&nbsp;+33 (0)9 88 99 88 88<\/p>\n\n\n\n<div style=\"height:20px\" aria-hidden=\"true\" class=\"wp-block-spacer\"><\/div>\n\n\n\n<p><strong>Conception \/ R\u00e9alisation du site<\/strong><\/p>\n\n\n\n<p>ADDICTIC &#8211; Agence de communication digitale<\/p>\n\n\n\n<p><a href=\"http:\/\/www.addictic.fr\/\">www.addictic.fr<\/a><\/p>\n\n\n\n<p>RCS Tours B 498 295 039<br>40, rue de l\u2019A\u00e9roport \u2013 37100 Tours \u2013 France<br>T\u00e9l.&nbsp;: +33 (0)2 47 36 90 61<\/p>\n\n\n\n<div style=\"height:20px\" aria-hidden=\"true\" class=\"wp-block-spacer\"><\/div>\n\n\n\n<h2><strong><span class=\"has-inline-color has-gold-color\">Propri\u00e9t\u00e9 intellectuelle<\/span><\/strong><\/h2>\n\n\n\n<div style=\"height:28px\" aria-hidden=\"true\" class=\"wp-block-spacer\"><\/div>\n\n\n\n<p>Le site est la propri\u00e9t\u00e9 exclusive de la soci\u00e9t\u00e9 ID\u00c9QUATE, seule habilit\u00e9e \u00e0 utiliser et exploiter les droits de propri\u00e9t\u00e9 intellectuelle et droits de la personnalit\u00e9 attach\u00e9s \u00e0 ce site, notamment les marques, dessins et mod\u00e8les, droits d\u2019auteur et droit \u00e0 l\u2019image, \u00e0 titre originaire ou par l\u2019effet d\u2019une cession ou d\u2019une licence d\u2019exploitation. L\u2019usage de tout ou partie du site\u00a0<a href=\"https:\/\/congres.idequate.com\/en\/\">congres.idequate.com<\/a>, notamment par t\u00e9l\u00e9chargement, reproduction, transmission ou repr\u00e9sentation \u00e0 d\u2019autres fins que pour usage personnel et priv\u00e9 dans un but non commercial est strictement interdit.<\/p>\n\n\n\n<h2><strong><span class=\"has-inline-color has-gold-color\">Photos et donn\u00e9es<\/span><\/strong><\/h2>\n\n\n\n<div style=\"height:28px\" aria-hidden=\"true\" class=\"wp-block-spacer\"><\/div>\n\n\n\n<p>Les photos et donn\u00e9es contenues dans ce site web ne sont pas contractuelles.<\/p>\n\n\n\n<h2><strong><span class=\"has-inline-color has-gold-color\">Liens hypertextes vers d\u2019autres sites<\/span><\/strong><\/h2>\n\n\n\n<div style=\"height:28px\" aria-hidden=\"true\" class=\"wp-block-spacer\"><\/div>\n\n\n\n<p>La soci\u00e9t\u00e9 ID\u00c9QUATE propose sur son site\u00a0<a href=\"https:\/\/congres.idequate.com\/en\/\">congres.idequate.com<\/a> des liens vers des sites tiers. La soci\u00e9t\u00e9 ID\u00c9QUATE ne pourra \u00eatre tenu responsable du contenu de ces sites et de l&#8217;usage qui pourra en \u00eatre fait par les utilisateurs.<\/p>\n\n\n\n<p>La cr\u00e9ation de liens hypertextes vers le site <a href=\"https:\/\/congres.idequate.com\/en\/\">congres.idequate.com<\/a> ne peut \u00eatre faite qu\u2019avec l\u2019autorisation \u00e9crite et pr\u00e9alable de la soci\u00e9t\u00e9 ID\u00c9QUATE, qui pourra \u00eatre r\u00e9voqu\u00e9e \u00e0 tout moment. La soci\u00e9t\u00e9 ID\u00c9QUATE, d\u00e9cline toute responsabilit\u00e9 concernant le contenu des sites li\u00e9s au Site.\u00a0<\/p>\n\n\n\n<h2><strong><span class=\"has-inline-color has-gold-color\">Cookies<\/span><\/strong><\/h2>\n\n\n\n<div style=\"height:28px\" aria-hidden=\"true\" class=\"wp-block-spacer\"><\/div>\n\n\n\n<p>Ce site internet utilise des cookies. Ces fichiers, stock\u00e9s sur votre ordinateur pour une dur\u00e9e de 7 jours, nous servent \u00e0 faciliter votre acc\u00e8s aux services que nous proposons.<br>Les cookies du site ne contiennent pas de donn\u00e9es permettant de vous identifier personnellement, et ils sont con\u00e7us pour \u00eatre utilis\u00e9s uniquement par\u00a0 ID\u00c9QUATE.<br>Nous vous informons que vous pouvez vous opposer \u00e0 l&#8217;enregistrement de ces &#8220;cookies&#8221; en utilisant une option de configuration de votre navigateur, modalit\u00e9s d\u00e9taill\u00e9es sur le site\u00a0<a href=\"http:\/\/www.cnil.fr\/\" target=\"_blank\" rel=\"noreferrer noopener\">www.cnil.fr<\/a>.<\/p>\n\n\n\n<h2><strong><span class=\"has-inline-color has-gold-color\">Responsabilit\u00e9 de ESPACE CANAL \u00c9V\u00c9NEMENTS<\/span><\/strong><\/h2>\n\n\n\n<div style=\"height:28px\" aria-hidden=\"true\" class=\"wp-block-spacer\"><\/div>\n\n\n\n<p>Dans les conditions autoris\u00e9es par la loi, la soci\u00e9t\u00e9 ID\u00c9QUATE n\u2019encourt aucune responsabilit\u00e9 : pour toute impr\u00e9cision, inexactitude, omission ou pour tous dommages r\u00e9sultant d\u2019une intrusion d\u2019un tiers ayant entra\u00een\u00e9 une modification des informations mises \u00e0 disposition sur le site <a href=\"http:\/\/www.espacecanalevenements.com\"><a href=\"https:\/\/congres.idequate.com\/en\/\">congres.idequate.com<\/a><\/a>, en cas de dommages provoqu\u00e9s \u00e0 raison de l\u2019acc\u00e8s d\u2019un tiers non autoris\u00e9 sur le site <a href=\"https:\/\/congres.idequate.com\/en\/\">congres.idequate.com<\/a> ou rendant impossible son acc\u00e8s. Le visiteur est inform\u00e9 que l\u2019acc\u00e8s au site\u00a0<a href=\"https:\/\/congres.idequate.com\/en\/\">congres.idequate.com<\/a> pourra \u00eatre interrompu \u00e0 tout moment par la soci\u00e9t\u00e9 ID\u00c9QUATE pour des raisons de maintenance, de s\u00e9curit\u00e9 ou toute autre contrainte technique.<\/p>\n\n\n\n<h2><span class=\"has-inline-color has-gold-color\">Matomo<\/span><\/h2>\n\n\n<div class=\"wp-block-adct-matomo-consent\">\n\t<p>Vous pouvez vous opposer au suivi de votre navigation sur ce site web. Cela prot\u00e9gera votre vie priv\u00e9e, mais emp\u00eachera \u00e9galement le propri\u00e9taire d\u2019apprendre de vos actions et de cr\u00e9er une meilleure exp\u00e9rience pour vous et les autres utilisateurs.<\/p>\t<div class=\"checkbox-container\">\n\t\t<input type=\"checkbox\" id=\"matomoConsent\">\n\t\t<label for=\"matomoConsent\"><\/label>\n\t<\/div>\n<\/div>\n\n<script>\n    document.addEventListener(\"DOMContentLoaded\", function(event) {\n        function setOptOutText(element) {\n            _paq.push([function() {\n                element.checked = !this.isUserOptedOut()\n                document.querySelector('label[for=matomoConsent]').innerText = this.isUserOptedOut()\n                    ? \"Vous n'\u00eates actuellement pas suivi(e). Cochez cette case pour ne plus \u00eatre exclu(e).\"\n                    : \"Vous n'\u00eates pas exclu(e). D\u00e9cochez cette case pour \u00eatre exclu(e).\"\n            }])\n        }\n\n        var optOut = document.getElementById(\"matomoConsent\")\n        if (optOut && typeof _paq !== \"undefined\") {\n            optOut.addEventListener(\"click\", function() {\n                if (this.checked) _paq.push(['forgetUserOptOut'])\n                else _paq.push(['optUserOut'])\n                setOptOutText(optOut)\n            })\n            setOptOutText(optOut)\n        } \/\/ else document.querySelector('.wp-block-adct-matomo-consent').remove()\n    });\n<\/script>\n\n\n<h2><strong><span class=\"has-inline-color has-gold-color\">Droit applicable et attribution de juridiction<\/span><\/strong><\/h2>\n\n\n\n<div style=\"height:28px\" aria-hidden=\"true\" class=\"wp-block-spacer\"><\/div>\n\n\n\n<p>Tout litige en relation avec l\u2019utilisation du site <a href=\"https:\/\/congres.idequate.com\/en\/\">congres.idequate.com<\/a> est soumis au droit fran\u00e7ais. En dehors des cas o\u00f9 la loi ne le permet pas, il est fait attribution exclusive de juridiction aux tribunaux comp\u00e9tents de Orl\u00e9ans (45000 \u2013 France).<\/p>\n","protected":false},"excerpt":{"rendered":"<p>Identification de la soci\u00e9t\u00e9 D\u00e9nomination sociale :&nbsp;ID\u00c9QUATE Si\u00e8ge social :&nbsp;1 cloitre Saint Pierre le Puellier \u2013 45000 Orl\u00e9ans [&hellip;]<\/p>\n","protected":false},"author":1,"featured_media":0,"parent":0,"menu_order":7,"comment_status":"closed","ping_status":"closed","template":"","meta":[],"yoast_head":"<!-- This site is optimized with the Yoast SEO plugin v17.6 - https:\/\/yoast.com\/wordpress\/plugins\/seo\/ -->\n<title>Mentions l\u00e9gales - Espace Canal \u00c9v\u00e9nements<\/title>\n<meta name=\"robots\" content=\"index, follow, max-snippet:-1, max-image-preview:large, max-video-preview:-1\" \/>\n<link rel=\"canonical\" href=\"https:\/\/congres.idequate.com\/en\/mentions-legales\/\" \/>\n<meta property=\"og:locale\" content=\"en_US\" \/>\n<meta property=\"og:type\" content=\"article\" \/>\n<meta property=\"og:title\" content=\"Mentions l\u00e9gales - Espace Canal \u00c9v\u00e9nements\" \/>\n<meta property=\"og:description\" content=\"Identification de la soci\u00e9t\u00e9 D\u00e9nomination sociale :&nbsp;ID\u00c9QUATE Si\u00e8ge social :&nbsp;1 cloitre Saint Pierre le Puellier \u2013 45000 Orl\u00e9ans [&hellip;]\" \/>\n<meta property=\"og:url\" content=\"https:\/\/congres.idequate.com\/en\/mentions-legales\/\" \/>\n<meta property=\"og:site_name\" content=\"Espace Canal \u00c9v\u00e9nements\" \/>\n<meta property=\"article:modified_time\" content=\"2025-07-24T15:06:40+00:00\" \/>\n<meta name=\"twitter:card\" content=\"summary_large_image\" \/>\n<meta name=\"twitter:label1\" content=\"Est. reading time\" \/>\n\t<meta name=\"twitter:data1\" content=\"3 minutes\" \/>\n<script type=\"application\/ld+json\" class=\"yoast-schema-graph\">{\"@context\":\"https:\/\/schema.org\",\"@graph\":[{\"@type\":\"WebSite\",\"@id\":\"https:\/\/congres.idequate.com\/#website\",\"url\":\"https:\/\/congres.idequate.com\/\",\"name\":\"Espace Canal \\u00c9v\\u00e9nements\",\"description\":\"Cr\\u00e9ateurs d&#039;\\u00e9v\\u00e9nements sur mesure\",\"potentialAction\":[{\"@type\":\"SearchAction\",\"target\":{\"@type\":\"EntryPoint\",\"urlTemplate\":\"https:\/\/congres.idequate.com\/?s={search_term_string}\"},\"query-input\":\"required name=search_term_string\"}],\"inLanguage\":\"en-US\"},{\"@type\":\"WebPage\",\"@id\":\"https:\/\/congres.idequate.com\/en\/mentions-legales\/#webpage\",\"url\":\"https:\/\/congres.idequate.com\/en\/mentions-legales\/\",\"name\":\"Mentions l\\u00e9gales - Espace Canal \\u00c9v\\u00e9nements\",\"isPartOf\":{\"@id\":\"https:\/\/congres.idequate.com\/#website\"},\"datePublished\":\"2020-05-27T14:43:52+00:00\",\"dateModified\":\"2025-07-24T15:06:40+00:00\",\"breadcrumb\":{\"@id\":\"https:\/\/congres.idequate.com\/en\/mentions-legales\/#breadcrumb\"},\"inLanguage\":\"en-US\",\"potentialAction\":[{\"@type\":\"ReadAction\",\"target\":[\"https:\/\/congres.idequate.com\/en\/mentions-legales\/\"]}]},{\"@type\":\"BreadcrumbList\",\"@id\":\"https:\/\/congres.idequate.com\/en\/mentions-legales\/#breadcrumb\",\"itemListElement\":[{\"@type\":\"ListItem\",\"position\":1,\"name\":\"Accueil\",\"item\":\"https:\/\/congres.idequate.com\/en\/\"},{\"@type\":\"ListItem\",\"position\":2,\"name\":\"Mentions l\\u00e9gales\"}]}]}<\/script>\n<!-- \/ Yoast SEO plugin. -->","yoast_head_json":{"title":"Mentions l\u00e9gales - Espace Canal \u00c9v\u00e9nements","robots":{"index":"index","follow":"follow","max-snippet":"max-snippet:-1","max-image-preview":"max-image-preview:large","max-video-preview":"max-video-preview:-1"},"canonical":"https:\/\/congres.idequate.com\/en\/mentions-legales\/","og_locale":"en_US","og_type":"article","og_title":"Mentions l\u00e9gales - Espace Canal \u00c9v\u00e9nements","og_description":"Identification de la soci\u00e9t\u00e9 D\u00e9nomination sociale :&nbsp;ID\u00c9QUATE Si\u00e8ge social :&nbsp;1 cloitre Saint Pierre le Puellier \u2013 45000 Orl\u00e9ans [&hellip;]","og_url":"https:\/\/congres.idequate.com\/en\/mentions-legales\/","og_site_name":"Espace Canal \u00c9v\u00e9nements","article_modified_time":"2025-07-24T15:06:40+00:00","twitter_card":"summary_large_image","twitter_misc":{"Est. reading time":"3 minutes"},"schema":{"@context":"https:\/\/schema.org","@graph":[{"@type":"WebSite","@id":"https:\/\/congres.idequate.com\/#website","url":"https:\/\/congres.idequate.com\/","name":"Espace Canal \u00c9v\u00e9nements","description":"Cr\u00e9ateurs d&#039;\u00e9v\u00e9nements sur mesure","potentialAction":[{"@type":"SearchAction","target":{"@type":"EntryPoint","urlTemplate":"https:\/\/congres.idequate.com\/?s={search_term_string}"},"query-input":"required name=search_term_string"}],"inLanguage":"en-US"},{"@type":"WebPage","@id":"https:\/\/congres.idequate.com\/en\/mentions-legales\/#webpage","url":"https:\/\/congres.idequate.com\/en\/mentions-legales\/","name":"Mentions l\u00e9gales - Espace Canal \u00c9v\u00e9nements","isPartOf":{"@id":"https:\/\/congres.idequate.com\/#website"},"datePublished":"2020-05-27T14:43:52+00:00","dateModified":"2025-07-24T15:06:40+00:00","breadcrumb":{"@id":"https:\/\/congres.idequate.com\/en\/mentions-legales\/#breadcrumb"},"inLanguage":"en-US","potentialAction":[{"@type":"ReadAction","target":["https:\/\/congres.idequate.com\/en\/mentions-legales\/"]}]},{"@type":"BreadcrumbList","@id":"https:\/\/congres.idequate.com\/en\/mentions-legales\/#breadcrumb","itemListElement":[{"@type":"ListItem","position":1,"name":"Accueil","item":"https:\/\/congres.idequate.com\/en\/"},{"@type":"ListItem","position":2,"name":"Mentions l\u00e9gales"}]}]}},"_links":{"self":[{"href":"https:\/\/congres.idequate.com\/en\/wp-json\/wp\/v2\/pages\/2145"}],"collection":[{"href":"https:\/\/congres.idequate.com\/en\/wp-json\/wp\/v2\/pages"}],"about":[{"href":"https:\/\/congres.idequate.com\/en\/wp-json\/wp\/v2\/types\/page"}],"author":[{"embeddable":true,"href":"https:\/\/congres.idequate.com\/en\/wp-json\/wp\/v2\/users\/1"}],"replies":[{"embeddable":true,"href":"https:\/\/congres.idequate.com\/en\/wp-json\/wp\/v2\/comments?post=2145"}],"version-history":[{"count":9,"href":"https:\/\/congres.idequate.com\/en\/wp-json\/wp\/v2\/pages\/2145\/revisions"}],"predecessor-version":[{"id":19923,"href":"https:\/\/congres.idequate.com\/en\/wp-json\/wp\/v2\/pages\/2145\/revisions\/19923"}],"wp:attachment":[{"href":"https:\/\/congres.idequate.com\/en\/wp-json\/wp\/v2\/media?parent=2145"}],"curies":[{"name":"wp","href":"https:\/\/api.w.org\/{rel}","templated":true}]}}