{"id":2113,"date":"2020-05-27T09:53:36","date_gmt":"2020-05-27T07:53:36","guid":{"rendered":"https:\/\/www.espacecanalevenements.com\/contact\/"},"modified":"2025-02-21T12:11:38","modified_gmt":"2025-02-21T11:11:38","slug":"contact-us","status":"publish","type":"page","link":"https:\/\/congres.idequate.com\/en\/contact-us\/","title":{"rendered":"Contact us"},"content":{"rendered":"\n<div class=\"wp-block-columns\">\n<div class=\"wp-block-column\" style=\"flex-basis:35%\">\n<h2 class=\"has-gold-color has-text-color\">Write to us<\/h2>\n<\/div>\n\n\n\n<div class=\"wp-block-column\"><div role=\"form\" class=\"wpcf7\" id=\"wpcf7-f2117-o1\" lang=\"en-US\" dir=\"ltr\">\n<div class=\"screen-reader-response\"><p role=\"status\" aria-live=\"polite\" aria-atomic=\"true\"><\/p> <ul><\/ul><\/div>\n<form action=\"\/en\/wp-json\/wp\/v2\/pages\/2113#wpcf7-f2117-o1\" method=\"post\" class=\"wpcf7-form init\" novalidate=\"novalidate\" data-status=\"init\">\n<div style=\"display: none;\">\n<input type=\"hidden\" name=\"_wpcf7\" value=\"2117\" \/>\n<input type=\"hidden\" name=\"_wpcf7_version\" value=\"5.5.2\" \/>\n<input type=\"hidden\" name=\"_wpcf7_locale\" value=\"en_US\" \/>\n<input type=\"hidden\" name=\"_wpcf7_unit_tag\" value=\"wpcf7-f2117-o1\" \/>\n<input type=\"hidden\" name=\"_wpcf7_container_post\" value=\"0\" \/>\n<input type=\"hidden\" name=\"_wpcf7_posted_data_hash\" value=\"\" \/>\n<\/div>\n<div class=\"form-group\">\n    <label for=\"yourCompany\">Entreprise*<\/label><br \/>\n    <span class=\"wpcf7-form-control-wrap your-company\"><input type=\"text\" name=\"your-company\" value=\"\" size=\"40\" class=\"wpcf7-form-control wpcf7-text wpcf7-validates-as-required\" id=\"yourCompany\" aria-required=\"true\" aria-invalid=\"false\" placeholder=\"Ex : Id\u00e9quate\" \/><\/span>\n<\/div>\n<div class=\"form-group\">\n    <label for=\"yourName\">Nom*<\/label><br \/>\n    <span class=\"wpcf7-form-control-wrap your-name\"><input type=\"text\" name=\"your-name\" value=\"\" size=\"40\" class=\"wpcf7-form-control wpcf7-text wpcf7-validates-as-required\" id=\"yourName\" aria-required=\"true\" aria-invalid=\"false\" placeholder=\"Ex : Doe\" \/><\/span>\n<\/div>\n<div class=\"form-group\">\n    <label for=\"yourFirstname\">Pr\u00e9nom*<\/label><br \/>\n    <span class=\"wpcf7-form-control-wrap your-firstname\"><input type=\"text\" name=\"your-firstname\" value=\"\" size=\"40\" class=\"wpcf7-form-control wpcf7-text wpcf7-validates-as-required\" id=\"yourFirstname\" aria-required=\"true\" aria-invalid=\"false\" placeholder=\"Ex : John\" \/><\/span>\n<\/div>\n<div class=\"form-group\">\n    <label for=\"yourPhone\">Num\u00e9ro de t\u00e9l\u00e9phone<\/label><br \/>\n    <span class=\"wpcf7-form-control-wrap your-phone\"><input type=\"tel\" name=\"your-phone\" value=\"\" size=\"40\" class=\"wpcf7-form-control wpcf7-text wpcf7-tel wpcf7-validates-as-tel\" id=\"yourPhone\" aria-invalid=\"false\" placeholder=\"Ex : 02 00 00 00 00\" \/><\/span>\n<\/div>\n<div class=\"form-group\">\n    <label for=\"yourEmail\">Adresse mail*<\/label><br \/>\n    <span class=\"wpcf7-form-control-wrap your-email\"><input type=\"email\" name=\"your-email\" value=\"\" size=\"40\" class=\"wpcf7-form-control wpcf7-text wpcf7-email wpcf7-validates-as-required wpcf7-validates-as-email\" id=\"yourEmail\" aria-required=\"true\" aria-invalid=\"false\" placeholder=\"Ex : johndoe@mail.com\" \/><\/span>\n<\/div>\n<div class=\"form-group\">\n    <label for=\"yourMessage\"> Votre message*<\/label><br \/>\n    <span class=\"wpcf7-form-control-wrap your-message\"><textarea name=\"your-message\" cols=\"40\" rows=\"4\" class=\"wpcf7-form-control wpcf7-textarea wpcf7-validates-as-required\" id=\"yourMessage\" aria-required=\"true\" aria-invalid=\"false\" placeholder=\"Entrez votre message ici...\"><\/textarea><\/span>\n<\/div>\n<p><span id=\"wpcf7-69fa3f9cbec10-wrapper\" class=\"wpcf7-form-control-wrap votre-contact-hp-wrap\" style=\"display:none !important; visibility:hidden !important;\"><label for=\"wpcf7-69fa3f9cbec10-field\" class=\"hp-message\">Please leave this field empty.<\/label><input id=\"wpcf7-69fa3f9cbec10-field\"  class=\"wpcf7-form-control wpcf7-text\" type=\"text\" name=\"votre-contact-hp\" value=\"\" size=\"40\" tabindex=\"-1\" autocomplete=\"new-password\" \/><\/span><\/p>\n<p><input type=\"submit\" value=\"Envoyer\" class=\"wpcf7-form-control has-spinner wpcf7-submit has-gold-background-color has-white-color\" \/><\/p>\n<div class=\"wpcf7-response-output\" aria-hidden=\"true\"><\/div><\/form><\/div>\n<\/div>\n<\/div>\n\n\n\n<div class=\"wp-block-columns\">\n<div class=\"wp-block-column\" style=\"flex-basis:35%\">\n<h2 class=\"has-gold-color has-text-color\">Contact details<\/h2>\n<\/div>\n\n\n\n<div class=\"wp-block-column\">\n<figure class=\"wp-block-table\"><table><tbody><tr><td><span class=\"has-inline-color has-gold-color\">Address:<\/span><\/td><td>1, Clo\u00eetre St Pierre le Puellier, 45100 Orl\u00e9ans<\/td><\/tr><tr><td><span class=\"has-inline-color has-gold-color\">Tel:<\/span><\/td><td><a href=\"tel:0245400481\">02 45 40 04 81<\/a><\/td><\/tr><\/tbody><\/table><\/figure>\n\n\n\n<p>Magali Croix<\/p>\n\n\n\n<figure class=\"wp-block-table\"><table><tbody><tr><td><span class=\"has-inline-color has-gold-color\">Tel:<\/span><\/td><td><a href=\"tel:0684649223\">06 84 64 92 23<\/a><\/td><\/tr><tr><td><span class=\"has-inline-color has-gold-color\">Email address:<\/span><\/td><td><a href=\"mailto:magali@idequate.com\">magali@idequate.com<\/a><\/td><\/tr><\/tbody><\/table><\/figure>\n\n\n\n<p>\u00c9lodie Houn<\/p>\n\n\n\n<figure class=\"wp-block-table\"><table><tbody><tr><td><span class=\"has-inline-color has-gold-color\">Tel:<\/span><\/td><td><a href=\"tel:0772450722\">07 72 45 07 22<\/a><\/td><\/tr><tr><td><span class=\"has-inline-color has-gold-color\">Email address:<\/span><\/td><td><a href=\"mailto:elodie@idequate.com\">elodie@idequate.com<\/a><\/td><\/tr><\/tbody><\/table><\/figure>\n\n\n\n<iframe loading=\"lazy\" src=\"https:\/\/www.google.com\/maps\/embed?pb=!1m18!1m12!1m3!1d2675.227700774398!2d1.8980643515523077!3d47.893277976020656!2m3!1f0!2f0!3f0!3m2!1i1024!2i768!4f13.1!3m3!1m2!1s0x47e4e4d8f107e59b%3A0xa2becfec86b133cc!2s7%20Rue%20Vieille%20Lev%C3%A9e%2C%2045100%20Orl%C3%A9ans!5e0!3m2!1sfr!2sfr!4v1590506596449!5m2!1sfr!2sfr\" width=\"100%\" height=\"370\" frameborder=\"0\" style=\"border:0;\" allowfullscreen=\"\" aria-hidden=\"false\" tabindex=\"0\"><\/iframe>\n<\/div>\n<\/div>\n","protected":false},"excerpt":{"rendered":"<p>Write to us Contact details Address: 1, Clo\u00eetre St Pierre le Puellier, 45100 Orl\u00e9ans Tel: 02 45 40 [&hellip;]<\/p>\n","protected":false},"author":1,"featured_media":0,"parent":0,"menu_order":6,"comment_status":"closed","ping_status":"closed","template":"","meta":[],"yoast_head":"<!-- This site is optimized with the Yoast SEO plugin v17.6 - https:\/\/yoast.com\/wordpress\/plugins\/seo\/ -->\n<title>Contact us - Espace Canal \u00c9v\u00e9nements<\/title>\n<meta name=\"robots\" content=\"index, follow, max-snippet:-1, max-image-preview:large, max-video-preview:-1\" \/>\n<link rel=\"canonical\" href=\"https:\/\/congres.idequate.com\/en\/contact-us\/\" \/>\n<meta property=\"og:locale\" content=\"en_US\" \/>\n<meta property=\"og:type\" content=\"article\" \/>\n<meta property=\"og:title\" content=\"Contact us - Espace Canal \u00c9v\u00e9nements\" \/>\n<meta property=\"og:description\" content=\"Write to us Contact details Address: 1, Clo\u00eetre St Pierre le Puellier, 45100 Orl\u00e9ans Tel: 02 45 40 [&hellip;]\" \/>\n<meta property=\"og:url\" content=\"https:\/\/congres.idequate.com\/en\/contact-us\/\" \/>\n<meta property=\"og:site_name\" content=\"Espace Canal \u00c9v\u00e9nements\" \/>\n<meta property=\"article:modified_time\" content=\"2025-02-21T11:11:38+00:00\" \/>\n<meta name=\"twitter:card\" content=\"summary_large_image\" \/>\n<meta name=\"twitter:label1\" content=\"Est. reading time\" \/>\n\t<meta name=\"twitter:data1\" content=\"1 minute\" \/>\n<script type=\"application\/ld+json\" class=\"yoast-schema-graph\">{\"@context\":\"https:\/\/schema.org\",\"@graph\":[{\"@type\":\"WebSite\",\"@id\":\"https:\/\/congres.idequate.com\/#website\",\"url\":\"https:\/\/congres.idequate.com\/\",\"name\":\"Espace Canal \\u00c9v\\u00e9nements\",\"description\":\"Cr\\u00e9ateurs d&#039;\\u00e9v\\u00e9nements sur mesure\",\"potentialAction\":[{\"@type\":\"SearchAction\",\"target\":{\"@type\":\"EntryPoint\",\"urlTemplate\":\"https:\/\/congres.idequate.com\/?s={search_term_string}\"},\"query-input\":\"required name=search_term_string\"}],\"inLanguage\":\"en-US\"},{\"@type\":\"WebPage\",\"@id\":\"https:\/\/congres.idequate.com\/en\/contact-us\/#webpage\",\"url\":\"https:\/\/congres.idequate.com\/en\/contact-us\/\",\"name\":\"Contact us - Espace Canal \\u00c9v\\u00e9nements\",\"isPartOf\":{\"@id\":\"https:\/\/congres.idequate.com\/#website\"},\"datePublished\":\"2020-05-27T07:53:36+00:00\",\"dateModified\":\"2025-02-21T11:11:38+00:00\",\"breadcrumb\":{\"@id\":\"https:\/\/congres.idequate.com\/en\/contact-us\/#breadcrumb\"},\"inLanguage\":\"en-US\",\"potentialAction\":[{\"@type\":\"ReadAction\",\"target\":[\"https:\/\/congres.idequate.com\/en\/contact-us\/\"]}]},{\"@type\":\"BreadcrumbList\",\"@id\":\"https:\/\/congres.idequate.com\/en\/contact-us\/#breadcrumb\",\"itemListElement\":[{\"@type\":\"ListItem\",\"position\":1,\"name\":\"Accueil\",\"item\":\"https:\/\/congres.idequate.com\/en\/\"},{\"@type\":\"ListItem\",\"position\":2,\"name\":\"Contact us\"}]}]}<\/script>\n<!-- \/ Yoast SEO plugin. -->","yoast_head_json":{"title":"Contact us - Espace Canal \u00c9v\u00e9nements","robots":{"index":"index","follow":"follow","max-snippet":"max-snippet:-1","max-image-preview":"max-image-preview:large","max-video-preview":"max-video-preview:-1"},"canonical":"https:\/\/congres.idequate.com\/en\/contact-us\/","og_locale":"en_US","og_type":"article","og_title":"Contact us - Espace Canal \u00c9v\u00e9nements","og_description":"Write to us Contact details Address: 1, Clo\u00eetre St Pierre le Puellier, 45100 Orl\u00e9ans Tel: 02 45 40 [&hellip;]","og_url":"https:\/\/congres.idequate.com\/en\/contact-us\/","og_site_name":"Espace Canal \u00c9v\u00e9nements","article_modified_time":"2025-02-21T11:11:38+00:00","twitter_card":"summary_large_image","twitter_misc":{"Est. reading time":"1 minute"},"schema":{"@context":"https:\/\/schema.org","@graph":[{"@type":"WebSite","@id":"https:\/\/congres.idequate.com\/#website","url":"https:\/\/congres.idequate.com\/","name":"Espace Canal \u00c9v\u00e9nements","description":"Cr\u00e9ateurs d&#039;\u00e9v\u00e9nements sur mesure","potentialAction":[{"@type":"SearchAction","target":{"@type":"EntryPoint","urlTemplate":"https:\/\/congres.idequate.com\/?s={search_term_string}"},"query-input":"required name=search_term_string"}],"inLanguage":"en-US"},{"@type":"WebPage","@id":"https:\/\/congres.idequate.com\/en\/contact-us\/#webpage","url":"https:\/\/congres.idequate.com\/en\/contact-us\/","name":"Contact us - Espace Canal \u00c9v\u00e9nements","isPartOf":{"@id":"https:\/\/congres.idequate.com\/#website"},"datePublished":"2020-05-27T07:53:36+00:00","dateModified":"2025-02-21T11:11:38+00:00","breadcrumb":{"@id":"https:\/\/congres.idequate.com\/en\/contact-us\/#breadcrumb"},"inLanguage":"en-US","potentialAction":[{"@type":"ReadAction","target":["https:\/\/congres.idequate.com\/en\/contact-us\/"]}]},{"@type":"BreadcrumbList","@id":"https:\/\/congres.idequate.com\/en\/contact-us\/#breadcrumb","itemListElement":[{"@type":"ListItem","position":1,"name":"Accueil","item":"https:\/\/congres.idequate.com\/en\/"},{"@type":"ListItem","position":2,"name":"Contact us"}]}]}},"_links":{"self":[{"href":"https:\/\/congres.idequate.com\/en\/wp-json\/wp\/v2\/pages\/2113"}],"collection":[{"href":"https:\/\/congres.idequate.com\/en\/wp-json\/wp\/v2\/pages"}],"about":[{"href":"https:\/\/congres.idequate.com\/en\/wp-json\/wp\/v2\/types\/page"}],"author":[{"embeddable":true,"href":"https:\/\/congres.idequate.com\/en\/wp-json\/wp\/v2\/users\/1"}],"replies":[{"embeddable":true,"href":"https:\/\/congres.idequate.com\/en\/wp-json\/wp\/v2\/comments?post=2113"}],"version-history":[{"count":4,"href":"https:\/\/congres.idequate.com\/en\/wp-json\/wp\/v2\/pages\/2113\/revisions"}],"predecessor-version":[{"id":18917,"href":"https:\/\/congres.idequate.com\/en\/wp-json\/wp\/v2\/pages\/2113\/revisions\/18917"}],"wp:attachment":[{"href":"https:\/\/congres.idequate.com\/en\/wp-json\/wp\/v2\/media?parent=2113"}],"curies":[{"name":"wp","href":"https:\/\/api.w.org\/{rel}","templated":true}]}}